






{"id":93,"date":"2020-03-11T20:04:25","date_gmt":"2020-03-11T23:04:25","guid":{"rendered":"http:\/\/doamor.org.br\/?page_id=93"},"modified":"2020-05-18T11:21:08","modified_gmt":"2020-05-18T14:21:08","slug":"hall","status":"publish","type":"page","link":"https:\/\/doamor.org.br\/index.php\/hall\/","title":{"rendered":"hall"},"content":{"rendered":"<div class=\"row\">\n<div class=\"col-5 pl-0\">\n<h1>Hall DOAmor<\/h1>\n<\/div>\n<\/div>\n<div class=\"row  mt-5 ml-2 \">\n<div class=\"col-lg-3 col-sm-6\">\n<div class=\"portrait\"><img decoding=\"async\" button=\"\" type=\"button\" class=\"btn btn-primary modhall\" data-toggle=\"modal\" data-target=\"#exampleModal\" src=\"https:\/\/doamor.org.br\/wp-content\/themes\/doAmorTheme\/images\/fabiana.jpg\" alt=\"Fabiana Gumercinda\">\n <\/div>\n<p><!-- Modal --><\/p>\n<div class=\"modal fade\" id=\"exampleModal\" tabindex=\"-1\" role=\"dialog\" aria-labelledby=\"exampleModalLabel\" aria-hidden=\"true\">\n<div class=\"modal-dialog\" role=\"document\">\n<div class=\"modal-content\">\n<div class=\"modal-header\">\n<h5 class=\"modal-title\" id=\"exampleModalLabel\"><b><u>Fabiana Gumercinda<\/u><\/b><p><\/p>\n<p>\u00c9 a hist\u00f3ria de vida que inspirou a cria\u00e7\u00e3o da DOAmor. Sua luta contra o c\u00e2ncer e sua vontade de viver, s\u00e3o simplesmente a raz\u00e3o de acreditarmos que toda luta vale a pena e toda vida tem valor. N\u00f3s, n\u00e3o conhecemos a Fabiana antes do c\u00e2ncer, mas temos certeza que a Fabi vencedora \u00e9 uma mulher dif\u00edcil de esquecer e imposs\u00edvel de n\u00e3o admirar. Obrigada por fazer parte da hist\u00f3ria da DOAmor.<\/p>\n<\/h5>\n<p>        <button type=\"button\" class=\"close\" data-dismiss=\"modal\" aria-label=\"Close\"><br>\n          <span aria-hidden=\"true\">\u00d7<\/span><br>\n        <\/button>\n      <\/p>\n<\/div>\n<\/div>\n<\/div>\n<\/div>\n<p> <!-- Modal -->\n    <\/p>\n<\/div>\n<div class=\"col-lg-3 col-sm-6\">\n<div class=\"portrait\"><img decoding=\"async\" button=\"\" type=\"button\" class=\"btn btn-primary modhall\" data-toggle=\"modal\" data-target=\"#exampleModal\" src=\"https:\/\/doamor.org.br\/wp-content\/themes\/doAmorTheme\/images\/Rosangela.jpg\" alt=\"Rosangela Veiga\">\n <\/div>\n<p><!-- Modal --><\/p>\n<div class=\"modal fade\" id=\"exampleModal\" tabindex=\"-1\" role=\"dialog\" aria-labelledby=\"exampleModalLabel\" aria-hidden=\"true\">\n<div class=\"modal-dialog\" role=\"document\">\n<div class=\"modal-content\">\n<div class=\"modal-header\">\n<h5 class=\"modal-title\" id=\"exampleModalLabel\"><b><u>Ros\u00e2ngela Veiga<\/u><\/b><p><\/p>\n<p>Ela \u00e9 a madrinha da DOAmor, acreditou na DOAmor antes de n\u00f3s mesmas. Acreditamos que, gente do bem atrai gente do bem, e assim, o Universo trouxe ela pra perto da gente. E, h\u00e1 2 anos, essa parceria do bem acontece lindamente nas <u>Festas de Natal DOAmor<\/u>, no Buffet Planet Mundi. Obrigada por tudo! Nunca poderemos expressar o tamanho da Nossa Gratid\u00e3o.<\/p>\n<\/h5>\n<p>        <button type=\"button\" class=\"close\" data-dismiss=\"modal\" aria-label=\"Close\"><br>\n          <span aria-hidden=\"true\">\u00d7<\/span><br>\n        <\/button>\n      <\/p>\n<\/div>\n<\/div>\n<\/div>\n<\/div>\n<p> <!-- Modal -->\n    <\/p>\n<\/div>\n<div class=\"col-lg-3 col-sm-6\">\n<div class=\"portrait\"><img decoding=\"async\" src=\"https:\/\/doamor.org.br\/wp-content\/themes\/doAmorTheme\/images\/vazio.png\" alt=\"Pr\u00f3xima Homenagem\"><\/div>\n<\/div>\n<div class=\"col-lg-3 col-sm-6\">\n<div class=\"portrait\"><img decoding=\"async\" src=\"https:\/\/doamor.org.br\/wp-content\/themes\/doAmorTheme\/images\/vazio.png\" alt=\"Pr\u00f3xima Homenagem\"><\/div>\n<\/div>\n<\/div>\n<div class=\"row  mt-2 ml-2\">\n<div class=\"col-lg-3 col-sm-6\">\n<div class=\"portrait\"><img decoding=\"async\" src=\"https:\/\/doamor.org.br\/wp-content\/themes\/doAmorTheme\/images\/vazio.png\" alt=\"Pr\u00f3xima Homenagem\"><\/div>\n<\/div>\n<div class=\"col-lg-3 col-sm-6\">\n<div class=\"portrait\"><img decoding=\"async\" src=\"https:\/\/doamor.org.br\/wp-content\/themes\/doAmorTheme\/images\/vazio.png\" alt=\"Pr\u00f3xima Homenagem\"><\/div>\n<\/div>\n<div class=\"col-lg-3 col-sm-6\">\n<div class=\"portrait\"><img decoding=\"async\" src=\"https:\/\/doamor.org.br\/wp-content\/themes\/doAmorTheme\/images\/vazio.png\" alt=\"Pr\u00f3xima Homenagem\"><\/div>\n<\/div>\n<div class=\"col-lg-3 col-sm-6\">\n<div class=\"portrait\"><img decoding=\"async\" src=\"https:\/\/doamor.org.br\/wp-content\/themes\/doAmorTheme\/images\/vazio.png\" alt=\"Pr\u00f3xima Homenagem\"><\/div>\n<\/div>\n<\/div>\n<div class=\"row  mt-2 ml-2\">\n<div class=\"col-lg-3 col-sm-6\">\n<div class=\"portrait\"><img decoding=\"async\" src=\"https:\/\/doamor.org.br\/wp-content\/themes\/doAmorTheme\/images\/vazio.png\" alt=\"Pr\u00f3xima Homenagem\"><\/div>\n<\/div>\n<div class=\"col-lg-3 col-sm-6\">\n<div class=\"portrait\"><img decoding=\"async\" src=\"https:\/\/doamor.org.br\/wp-content\/themes\/doAmorTheme\/images\/vazio.png\" alt=\"Pr\u00f3xima Homenagem\"><\/div>\n<\/div>\n<div class=\"col-lg-3 col-sm-6\">\n<div class=\"portrait\"><img decoding=\"async\" src=\"https:\/\/doamor.org.br\/wp-content\/themes\/doAmorTheme\/images\/vazio.png\" alt=\"Pr\u00f3xima Homenagem\"><\/div>\n<\/div>\n<div class=\"col-lg-3 col-sm-6\">\n<div class=\"portrait\"><img decoding=\"async\" src=\"https:\/\/doamor.org.br\/wp-content\/themes\/doAmorTheme\/images\/vazio.png\" alt=\"Pr\u00f3xima Homenagem\"><\/div>\n<\/div>\n<\/div>\n\n\n<p><\/p>\n","protected":false},"excerpt":{"rendered":"<p>Hall DOAmor Fabiana Gumercinda \u00c9 a hist\u00f3ria de vida que inspirou a cria\u00e7\u00e3o da DOAmor. Sua luta contra o c\u00e2ncer e sua vontade de viver, s\u00e3o simplesmente a raz\u00e3o de acreditarmos que toda luta vale a pena e toda vida tem valor. N\u00f3s, n\u00e3o conhecemos a Fabiana antes do c\u00e2ncer, mas temos certeza que a [&hellip;]<\/p>\n","protected":false},"author":1,"featured_media":0,"parent":0,"menu_order":0,"comment_status":"closed","ping_status":"closed","template":"","meta":{"footnotes":""},"class_list":["post-93","page","type-page","status-publish","hentry"],"_links":{"self":[{"href":"https:\/\/doamor.org.br\/index.php\/wp-json\/wp\/v2\/pages\/93","targetHints":{"allow":["GET"]}}],"collection":[{"href":"https:\/\/doamor.org.br\/index.php\/wp-json\/wp\/v2\/pages"}],"about":[{"href":"https:\/\/doamor.org.br\/index.php\/wp-json\/wp\/v2\/types\/page"}],"author":[{"embeddable":true,"href":"https:\/\/doamor.org.br\/index.php\/wp-json\/wp\/v2\/users\/1"}],"replies":[{"embeddable":true,"href":"https:\/\/doamor.org.br\/index.php\/wp-json\/wp\/v2\/comments?post=93"}],"version-history":[{"count":8,"href":"https:\/\/doamor.org.br\/index.php\/wp-json\/wp\/v2\/pages\/93\/revisions"}],"predecessor-version":[{"id":207,"href":"https:\/\/doamor.org.br\/index.php\/wp-json\/wp\/v2\/pages\/93\/revisions\/207"}],"wp:attachment":[{"href":"https:\/\/doamor.org.br\/index.php\/wp-json\/wp\/v2\/media?parent=93"}],"curies":[{"name":"wp","href":"https:\/\/api.w.org\/{rel}","templated":true}]}}