






{"id":84,"date":"2020-03-11T19:32:00","date_gmt":"2020-03-11T22:32:00","guid":{"rendered":"http:\/\/doamor.org.br\/?page_id=84"},"modified":"2020-04-22T18:25:22","modified_gmt":"2020-04-22T21:25:22","slug":"acoes","status":"publish","type":"page","link":"https:\/\/doamor.org.br\/index.php\/acoes\/","title":{"rendered":"A\u00e7\u00f5es"},"content":{"rendered":"<div class=\"row\">\n<div class=\"col-5 pl-0\">\n<h1>A\u00e7\u00f5es Realizadas<\/h1>\n<\/div>\n<\/div>\n<div class=\"row  mt-5 ml-5 \">\n<div class=\"col-lg-3 col-sm-6\">\n<div class=\"polaroid\"><a href=\"https:\/\/doamor.org.br\/index.php\/criancasfantasiadas2019\/\" target=\"_blank\" rel=\"noopener noreferrer\"><img decoding=\"async\" class=\"alignnone\" src=\"https:\/\/doamor.org.br\/wp-content\/themes\/doAmorTheme\/images\/fantasia.jpg\" alt=\"Fotos de Eventos\" \/><\/a><\/p>\n<div class=\"nota\"><b>Crian\u00e7as Fantasiadas<br \/>\nHospitais &#8211; 2019.<\/b><\/div>\n<\/div>\n<\/div>\n<div class=\"col-lg-3 col-sm-6\">\n<div class=\"polaroid\"><a href=\"https:\/\/doamor.org.br\/index.php\/nataldoamor2019\/\" target=\"_blank\" rel=\"noopener noreferrer\"><img decoding=\"async\" src=\"https:\/\/doamor.org.br\/wp-content\/themes\/doAmorTheme\/images\/noel.jpg\" alt=\"Fotos de Eventos\" \/><\/a><\/p>\n<div class=\"nota\"><b>Festa de Natal<br \/>\nDOAmor &#8211; 2019.<\/b><\/div>\n<\/div>\n<\/div>\n<div class=\"col-lg-3 col-sm-6\">\n<div class=\"polaroid\"><a href=\"https:\/\/doamor.org.br\/index.php\/outubrorosacasa2019\/\" target=\"_blank\" rel=\"noopener noreferrer\"><img decoding=\"async\" src=\"https:\/\/doamor.org.br\/wp-content\/themes\/doAmorTheme\/images\/masto.jpg\" alt=\"Fotos de Eventos\" \/><\/a><\/p>\n<div class=\"nota\"><b>Outubro Rosa<br \/>\nCasa Mastologia &#8211; 2019.<\/b><\/div>\n<\/div>\n<\/div>\n<div class=\"col-lg-3 col-sm-6\">\n<div class=\"polaroid\"><a href=\"https:\/\/doamor.org.br\/index.php\/outubrorosasanta2019\/\" target=\"_blank\" rel=\"noopener noreferrer\"><img decoding=\"async\" src=\"https:\/\/doamor.org.br\/wp-content\/themes\/doAmorTheme\/images\/santa.jpg\" alt=\"Fotos de Eventos\" \/><\/a><\/p>\n<div class=\"nota\"><b>Outubro Rosa<br \/>\nSanta Casa &#8211; 2019.<\/b><\/div>\n<\/div>\n<\/div>\n<\/div>\n<div class=\"row  mt-5 ml-5 \">\n<div class=\"col-lg-3 col-sm-6\">\n<div class=\"polaroid\"><a href=\"https:\/\/doamor.org.br\/index.php\/outubrorosacaraiga2019\/\" target=\"_blank\" rel=\"noopener noreferrer\"><img decoding=\"async\" src=\"https:\/\/doamor.org.br\/wp-content\/themes\/doAmorTheme\/images\/caraiga.jpg\" alt=\"Fotos de Eventos\" \/><\/a><\/p>\n<div class=\"nota\"><b>Outubro Rosa<br \/>\nCaraig\u00e1 &#8211; 2019.<\/b><\/div>\n<\/div>\n<\/div>\n<div class=\"col-lg-3 col-sm-6\">\n<div class=\"polaroid\"><a href=\"https:\/\/doamor.org.br\/index.php\/botorosa2019\/\" target=\"_blank\" rel=\"noopener noreferrer\"><img decoding=\"async\" src=\"https:\/\/doamor.org.br\/wp-content\/themes\/doAmorTheme\/images\/boto.jpg\" alt=\"Fotos de Eventos\" \/><\/a><\/p>\n<div class=\"nota\"><b>Casa Boto Rosa<br \/>\n2019.<\/b><\/div>\n<\/div>\n<\/div>\n<div class=\"col-lg-3 col-sm-6\">\n<div class=\"polaroid\"><a href=\"https:\/\/doamor.org.br\/index.php\/pascoaitaci2019\/\" target=\"_blank\" rel=\"noopener noreferrer\"><img decoding=\"async\" src=\"https:\/\/doamor.org.br\/wp-content\/themes\/doAmorTheme\/images\/itaci.jpg\" alt=\"Fotos de Eventos\" \/><\/a><\/p>\n<div class=\"nota\"><b>P\u00e1scoa &#8211; ITACI<br \/>\n2019.<\/b><\/div>\n<\/div>\n<\/div>\n<div class=\"col-lg-3 col-sm-6\">\n<div class=\"polaroid\"><a href=\"https:\/\/doamor.org.br\/index.php\/pascoahcedarcy2019\/\" target=\"_blank\" rel=\"noopener noreferrer\"><img decoding=\"async\" src=\"https:\/\/doamor.org.br\/wp-content\/themes\/doAmorTheme\/images\/hc.jpg\" alt=\"Fotos de Eventos\" \/><\/a><\/p>\n<div class=\"nota\"><b>P\u00e1scoa HC e<br \/>\nDarcy Vargas &#8211; 2019.<\/b><\/div>\n<\/div>\n<\/div>\n<\/div>\n<div class=\"row  mt-5 ml-5 \">\n<div class=\"col-lg-3 col-sm-6\">\n<div class=\"polaroid\"><a href=\"https:\/\/doamor.org.br\/index.php\/camarimdoamor2019\/\" target=\"_blank\" rel=\"noopener noreferrer\"><img decoding=\"async\" src=\"https:\/\/doamor.org.br\/wp-content\/themes\/doAmorTheme\/images\/camar.jpg\" alt=\"Fotos de Eventos\" \/><\/a><\/p>\n<div class=\"nota\"><b>Camarim DOAmor<br \/>\n2019.<\/b><\/div>\n<\/div>\n<\/div>\n<div class=\"col-lg-3 col-sm-6\">\n<div class=\"polaroid\"><a href=\"https:\/\/doamor.org.br\/index.php\/diacriancasboto2019\/\" target=\"_blank\" rel=\"noopener noreferrer\"><img decoding=\"async\" src=\"https:\/\/doamor.org.br\/wp-content\/themes\/doAmorTheme\/images\/crianca.jpg\" alt=\"Fotos de Eventos\" \/><\/a><\/p>\n<div class=\"nota\"><b>Dia das Crian\u00e7as<br \/>\nCasa Boto Rosa &#8211; 2019.<\/b><\/div>\n<\/div>\n<\/div>\n<div class=\"col-lg-3 col-sm-6\">\n<div class=\"polaroid\"><a href=\"https:\/\/doamor.org.br\/index.php\/diacriancashc2019\/\" target=\"_blank\" rel=\"noopener noreferrer\"><img decoding=\"async\" src=\"https:\/\/doamor.org.br\/wp-content\/themes\/doAmorTheme\/images\/criahc.jpg\" alt=\"Fotos de Eventos\" \/><\/a><\/p>\n<div class=\"nota\"><b>Dia das Crian\u00e7as<br \/>\nHC &#8211; 2019.<\/b><\/div>\n<\/div>\n<\/div>\n<div class=\"col-lg-3 col-sm-6\">\n<div class=\"polaroid\"><a href=\"https:\/\/doamor.org.br\/index.php\/nataldoamor2018\/\" target=\"_blank\" rel=\"noopener noreferrer\"><img decoding=\"async\" src=\"https:\/\/doamor.org.br\/wp-content\/themes\/doAmorTheme\/images\/nat.jpg\" alt=\"Fotos de Eventos\" \/><\/a><\/p>\n<div class=\"nota\"><b>Natal DOAmor<br \/>\n2018.<\/b><\/div>\n<\/div>\n<\/div>\n<\/div>\n","protected":false},"excerpt":{"rendered":"<p>A\u00e7\u00f5es Realizadas Crian\u00e7as Fantasiadas Hospitais &#8211; 2019. Festa de Natal DOAmor &#8211; 2019. Outubro Rosa Casa Mastologia &#8211; 2019. Outubro Rosa Santa Casa &#8211; 2019. Outubro Rosa Caraig\u00e1 &#8211; 2019. Casa Boto Rosa 2019. P\u00e1scoa &#8211; ITACI 2019. P\u00e1scoa HC e Darcy Vargas &#8211; 2019. Camarim DOAmor 2019. Dia das Crian\u00e7as Casa Boto Rosa &#8211; [&hellip;]<\/p>\n","protected":false},"author":1,"featured_media":0,"parent":0,"menu_order":0,"comment_status":"closed","ping_status":"closed","template":"","meta":{"footnotes":""},"class_list":["post-84","page","type-page","status-publish","hentry"],"_links":{"self":[{"href":"https:\/\/doamor.org.br\/index.php\/wp-json\/wp\/v2\/pages\/84","targetHints":{"allow":["GET"]}}],"collection":[{"href":"https:\/\/doamor.org.br\/index.php\/wp-json\/wp\/v2\/pages"}],"about":[{"href":"https:\/\/doamor.org.br\/index.php\/wp-json\/wp\/v2\/types\/page"}],"author":[{"embeddable":true,"href":"https:\/\/doamor.org.br\/index.php\/wp-json\/wp\/v2\/users\/1"}],"replies":[{"embeddable":true,"href":"https:\/\/doamor.org.br\/index.php\/wp-json\/wp\/v2\/comments?post=84"}],"version-history":[{"count":7,"href":"https:\/\/doamor.org.br\/index.php\/wp-json\/wp\/v2\/pages\/84\/revisions"}],"predecessor-version":[{"id":151,"href":"https:\/\/doamor.org.br\/index.php\/wp-json\/wp\/v2\/pages\/84\/revisions\/151"}],"wp:attachment":[{"href":"https:\/\/doamor.org.br\/index.php\/wp-json\/wp\/v2\/media?parent=84"}],"curies":[{"name":"wp","href":"https:\/\/api.w.org\/{rel}","templated":true}]}}