






{"id":209,"date":"2020-05-20T16:07:44","date_gmt":"2020-05-20T19:07:44","guid":{"rendered":"http:\/\/doamor.org.br\/?page_id=209"},"modified":"2020-05-22T09:44:25","modified_gmt":"2020-05-22T12:44:25","slug":"ajuda","status":"publish","type":"page","link":"https:\/\/doamor.org.br\/index.php\/ajuda\/","title":{"rendered":"Ajuda"},"content":{"rendered":"<div class=\"row\">\n<div class=\"col-4 pl-0\">\n<h1>DOAmor Te Ajuda<\/h1>\n<\/div>\n<\/div>\n<div class=\"row justify-content-center mt-5 ml-2 \">\n<div class=\"col-10 text-justify\">\n<p>Ao longo destes anos, n\u00f3s acabamos fazendo uma rede de contatos com muito Profissionais e Volunt\u00e1rios, tanto da \u00e1rea de sa\u00fade, como em outras \u00e1reas. Contatos tanto com Pessoas F\u00edsicas como Pessoas Jur\u00eddicas e claro, ONGs, tudo na busca de acolher e suprir necessidades de Pacientes e seus Familiares.<\/p>\n<p>Neste espa\u00e7o, voc\u00ea poder\u00e1 expor sua angustia, d\u00favida, anseio, necessidade, enfim, aquilo que voc\u00ea quiser. Conte com a DOAmor naquilo em que voc\u00ea precisar! Fale sobre o que aflige voc\u00ea, no seu processo de cura, ou no do seu familiar, que a DOAmor Te Ajuda!<\/p>\n<p> [contact-form-7 id=&#8221;208&#8243; title=&#8221;Ajuda&#8221;]\n<\/p>\n<\/div>\n<\/div>\n\n\n<p><\/p>\n","protected":false},"excerpt":{"rendered":"<p>DOAmor Te Ajuda Ao longo destes anos, n\u00f3s acabamos fazendo uma rede de contatos com muito Profissionais e Volunt\u00e1rios, tanto da \u00e1rea de sa\u00fade, como em outras \u00e1reas. Contatos tanto com Pessoas F\u00edsicas como Pessoas Jur\u00eddicas e claro, ONGs, tudo na busca de acolher e suprir necessidades de Pacientes e seus Familiares. Neste espa\u00e7o, voc\u00ea [&hellip;]<\/p>\n","protected":false},"author":1,"featured_media":0,"parent":0,"menu_order":0,"comment_status":"closed","ping_status":"closed","template":"","meta":{"footnotes":""},"class_list":["post-209","page","type-page","status-publish","hentry"],"_links":{"self":[{"href":"https:\/\/doamor.org.br\/index.php\/wp-json\/wp\/v2\/pages\/209","targetHints":{"allow":["GET"]}}],"collection":[{"href":"https:\/\/doamor.org.br\/index.php\/wp-json\/wp\/v2\/pages"}],"about":[{"href":"https:\/\/doamor.org.br\/index.php\/wp-json\/wp\/v2\/types\/page"}],"author":[{"embeddable":true,"href":"https:\/\/doamor.org.br\/index.php\/wp-json\/wp\/v2\/users\/1"}],"replies":[{"embeddable":true,"href":"https:\/\/doamor.org.br\/index.php\/wp-json\/wp\/v2\/comments?post=209"}],"version-history":[{"count":10,"href":"https:\/\/doamor.org.br\/index.php\/wp-json\/wp\/v2\/pages\/209\/revisions"}],"predecessor-version":[{"id":244,"href":"https:\/\/doamor.org.br\/index.php\/wp-json\/wp\/v2\/pages\/209\/revisions\/244"}],"wp:attachment":[{"href":"https:\/\/doamor.org.br\/index.php\/wp-json\/wp\/v2\/media?parent=209"}],"curies":[{"name":"wp","href":"https:\/\/api.w.org\/{rel}","templated":true}]}}