






{"id":2,"date":"2020-03-10T19:06:27","date_gmt":"2020-03-10T22:06:27","guid":{"rendered":"http:\/\/doamor.org.br\/?page_id=2"},"modified":"2020-09-22T20:03:23","modified_gmt":"2020-09-22T23:03:23","slug":"pagina-exemplo","status":"publish","type":"page","link":"https:\/\/doamor.org.br\/","title":{"rendered":"Home"},"content":{"rendered":"<div class=\"row\">\n<div class=\"col-lg-7 text-center pt-5 mt-5\">\n<div id=\"carouselExampleSlidesOnly\" class=\"carousel slide\" data-ride=\"carousel\">\n<div class=\"carousel-inner\">\n<div class=\"carousel-item active\">\n<h2 class=\"pilar\">AMOR<\/h2>\n<\/div>\n<div class=\"carousel-item\">\n<h2 class=\"pilar\">GRATID\u00c3O<\/h2>\n<\/div>\n<div class=\"carousel-item\">\n<h2 class=\"pilar\">A\u00c7\u00c3O<\/h2>\n<\/div>\n<\/div>\n<\/div>\n<\/div>\n<div class=\"col-lg-5 mt-5 text-center\"><img decoding=\"async\" src=\"https:\/\/doamor.org.br\/wp-content\/themes\/doAmorTheme\/images\/cor.png\"><\/div>\n<\/div>\n<div class=\"row justify-content frase\">\n<div class=\"col-12 text-center pt-5\"><span id=\"missao\"><\/span><\/p>\n<p><i>\u201cEnquanto voc\u00ea pode aliviar a dor de algu\u00e9m, a vida n\u00e3o \u00e9 em v\u00e3o\u201d<\/i><\/p>\n<p><b>Helen Keller<\/b>.<\/p>\n<\/div>\n<\/div>\n<div class=\"row\">\n<div class=\"col-5 pl-0\">\n<h1>Miss\u00e3o<\/h1>\n<\/div>\n<\/div>\n<div class=\"row justify-content-center\">\n<div class=\"col-10 text-justify\"><span id=\"origem\"><\/span><br \/>\nTrazer conforto e momentos de alegria para pacientes com c\u00e2ncer e seus familiares no momento mais dif\u00edcil e delicado de suas vidas, quando est\u00e3o enfrentando a fase de interna\u00e7\u00e3o hospitalar.<\/div>\n<\/div>\n<div class=\"row justify-content-center\">\n<div class=\"pt-5\">\n    <a href=\"https:\/\/doamor.org.br\/index.php\/Ajuda\" class=\"btn-content\">Preciso de Ajuda!<\/a><\/div>\n<\/div>\n<div class=\"row justify-content-center\">\n<div class=\"mt-4\">\n    <a href=\"https:\/\/doamor.org.br\/index.php\/Voluntario\" class=\"btn-content\">Quero ser Volunt\u00e1rio!<\/a><\/div>\n<\/div>\n<div id=\"origem\" class=\"row\">\n<div class=\"col-5 pl-0\">\n<h1>Origem<\/h1>\n<\/div>\n<\/div>\n<div class=\"row justify-content-center\">\n<div class=\"col-10 text-justify\">\n<p>A DOAmor nasceu do sonho de 4 amigas em busca de um prop\u00f3sito maior de vida. A Adriana, que j\u00e1 atuava em voluntariado desde 2010, foi a porta de entrada, neste mundo, para a Tatiana, para a Juliana e para a Sandrine, o que gerou esta vontade conjunta de unirem-se em torno dos trabalhos sociais j\u00e1 desenvolvidos pela Adriana. Assim, em setembro de 2018, partiam para a a\u00e7\u00e3o e surgia a DOAmor, com foco no trabalho volunt\u00e1rio em hospitais p\u00fablicos da cidade de S\u00e3o Paulo, trazendo esperan\u00e7a para pessoas em tratamento de c\u00e2ncer.<\/p>\n<p>O projeto inicial, abra\u00e7ado pela DOAmor, foi o Projeto \u201cEra uma Vez\u201d, no qual s\u00e3o arrecadadas fantasias infantis em bom estado e doadas aos hospitais. Quando uma crian\u00e7a tem algum exame \u201cchato\u201d para fazer, os funcion\u00e1rios do hospital entregam uma fantasia para a crian\u00e7a, e todo o medo e apreens\u00e3o d\u00e3o lugar a um lindo sorriso. Dessa forma, a fantasia faz seu papel mais importante, trazer a crian\u00e7a para o mundo da magia e da divers\u00e3o, onde ela pode ser quem quiser e esquecer, por um breve momento, da realidade di\u00e1ria que est\u00e1 vivendo.<\/p>\n<p>Esse projeto inicial, h\u00e1 cerca de um ano, se transformou no \u201cCamarins DOAmor\u201d, fixo em hospitais, no qual as fantasias ficam dispon\u00edveis nas brinquedotecas para as crian\u00e7as brincarem durante as interna\u00e7\u00f5es. Em novembro de 2019, foi inaugurado o primeiro Camarim DOAmor, no Hospital AC. Camargo.<\/p>\n<p>Dessa viv\u00eancia hospitalar, entendemos que precisar\u00edamos de outras a\u00e7\u00f5es importantes a serem realizadas durante o ano, como:<\/p>\n<p>\u2022 Dia das Mulheres: focada nas mulheres em tratamento de c\u00e2ncer;<br \/>\n\u2022 P\u00e1scoa: levando a do\u00e7ura do chocolate para as crian\u00e7as internadas;<br \/>\n\u2022 Dia da Fam\u00edlia: apoio emocional e alegria aos pais das crian\u00e7as internadas;<br \/>\n<span id=\"4x4\"><\/span><br \/>\n\u2022 Outubro Rosa: mulheres em tratamento de c\u00e2ncer de mama;<br \/>\n\u2022 Natal: distribui\u00e7\u00e3o de presentes para as crian\u00e7as internadas nos hospitais p\u00fablicos.<\/p>\n<\/div>\n<\/div>\n<div class=\"row\">\n<div class=\"col-5 pl-0\">\n<h1>4X4<\/h1>\n<\/div>\n<\/div>\n<div class=\"row justify-content-center\">\n<div class=\"col-10 text-justify pb-4\">Conhe\u00e7a a for\u00e7a que move a DOAmor durante todo o ano. Quatro mulheres que transformam atrav\u00e9s de A\u00e7\u00f5es di\u00e1rias, todo Amor que sentem pelo pr\u00f3ximo, fazendo da DOAMOR a forma mais pura de Gratid\u00e3o a vida.<\/div>\n<\/div>\n<div class=\"row justify-content-center\">\n<div class=\"col-10 pb-4\">\n<ul id=\"myTab\" class=\"nav nav-tabs pb-5 custom-border justify-content-center nav-menina\" role=\"tablist\">\n<li class=\"nav-item pr-5\"><a id=\"Adri-tab\" class=\"nav-link active\" role=\"tab\" href=\"#Adri\" data-toggle=\"tab\" aria-controls=\"Adri\" aria-selected=\"true\"><img decoding=\"async\" src=\"https:\/\/doamor.org.br\/wp-content\/themes\/doAmorTheme\/images\/AdriOn.png\"><\/a><\/li>\n<li class=\"nav-item pr-5\"><a id=\"San-tab\" class=\"nav-link\" role=\"tab\" href=\"#San\" data-toggle=\"tab\" aria-controls=\"San\" aria-selected=\"false\"><img decoding=\"async\" src=\"https:\/\/doamor.org.br\/wp-content\/themes\/doAmorTheme\/images\/SanOn.png\"><\/a><\/li>\n<li class=\"nav-item pr-5\"><a id=\"Tati-tab\" class=\"nav-link\" role=\"tab\" href=\"#Tati\" data-toggle=\"tab\" aria-controls=\"Tati\" aria-selected=\"false\"><img decoding=\"async\" src=\"https:\/\/doamor.org.br\/wp-content\/themes\/doAmorTheme\/images\/TatiOn.png\"><\/a><\/li>\n<li class=\"nav-item pr-5\"><a id=\"Ju-tab\" class=\"nav-link\" role=\"tab\" href=\"#Ju\" data-toggle=\"tab\" aria-controls=\"Ju\" aria-selected=\"false\"><img decoding=\"async\" src=\"https:\/\/doamor.org.br\/wp-content\/themes\/doAmorTheme\/images\/JuOn.png\"><\/a><\/li>\n<\/ul>\n<div id=\"myTabContent\" class=\"tab-content\">\n<div id=\"Adri\" class=\"tab-pane fade show active text-justify\" role=\"tabpanel\" aria-labelledby=\"Adri-tab\">\n<p>Meu nome \u00e9 Adriana Buccolo Campos, sou advogada de forma\u00e7\u00e3o e volunt\u00e1ria de cora\u00e7\u00e3o. Trabalhei 10 anos como advogada na \u00e1rea de Direito Administrativo e depois de ter meus filhos deixei a advocacia para seguir uma voca\u00e7\u00e3o, o trabalho volunt\u00e1rio. Em 2010, comecei meu trabalho volunt\u00e1rio num abrigo para crian\u00e7as que aguardavam ado\u00e7\u00e3o, chamado LALEC (Lar Amor Luz e Esperan\u00e7a da Crian\u00e7a).<br \/>\nEm 2016, comecei um projeto de distribui\u00e7\u00e3o de fantasias para os pacientes com c\u00e2ncer. Sou volunt\u00e1ria da APFCC &#8211; Associa\u00e7\u00e3o Paulista Feminina de Combate ao C\u00e2ncer desde 2017. Criamos a DOAmor para amparar familiares e pacientes em tratamento de c\u00e2ncer em hospitais p\u00fablicos de S\u00e3o Paulo, Darcy Vargas, Departamento de Radiologia do Hospital das Cl\u00ednicas e ITACI (Instituto de Tratamento do C\u00e2ncer Infantil).<\/p>\n<\/div>\n<div id=\"San\" class=\"tab-pane fade text-justify\" role=\"tabpanel\" aria-labelledby=\"San-tab\">\n<p>Meu nome \u00e9 Sandrine Nass. Tenho resultados comprovados ao longo de 18 anos de carreira no mercado publicit\u00e1rio e no varejo, alcan\u00e7ando objetivos corporativos atrav\u00e9s do amor, do compromisso, da paix\u00e3o e da experi\u00eancia, sempre conectada \u00e0s \u00faltimas tend\u00eancias e novidades!<br \/>\nO que me move? O Amor!<br \/>\nAcredito que o amor salva, que o amor cura, que o amor constr\u00f3i, que o amor consola, que o amor \u00e9 bondoso, que o amor traz compaix\u00e3o, que o amor move, que o amor perdoa, que o amor transforma hist\u00f3rias, que o amor restaura, que o amor enxuga l\u00e1grimas, que o amor traz respostas, que o amor faz caminho no deserto, que ascende o nosso cora\u00e7\u00e3o e que o amor traz luz \u00e0 escurid\u00e3o!<br \/>\nAmor \u00e9 amar ao pr\u00f3ximo como a si mesmo. Atrav\u00e9s da DOAmor, encontrei uma forma de expressar meu amor ao pr\u00f3ximo! Essa \u00e9 a minha oferta, a minha entrega, quero derramar o meu amor, infinito Amor!<\/p>\n<\/div>\n<div id=\"Tati\" class=\"tab-pane fade text-justify\" role=\"tabpanel\" aria-labelledby=\"Tati-tab\">\n<p>Meu nome \u00e9 Tatiana Sayegh, sou formada em Pedagogia e Psicologia. Apaixonada por educa\u00e7\u00e3o! Ingressei na carreira muito nova e sempre decidida em estar perto de crian\u00e7as.<br \/>\nCom o tempo, fui percebendo que a filantropia tomava conta de um espa\u00e7o grande no meu cora\u00e7\u00e3o e, hoje, al\u00e9m de participar de diversos trabalhos volunt\u00e1rios, dedico-me tamb\u00e9m \u00e0 forma\u00e7\u00e3o de jovens que queiram realizar essas a\u00e7\u00f5es.<br \/>\nIngressei na DOAmor a convite da minha amiga Dri, m\u00e3e do Enzo (meu querido ex-aluno), hoje fa\u00e7o parte da DOAmor com muito orgulho. Esperamos mudar o rumo de muitas vidas, colecionar sorrisos, supera\u00e7\u00f5es e construir hist\u00f3rias emocionantes!<\/p>\n<\/div>\n<p><span id=\"campanhas\"><\/span><\/p>\n<div id=\"Ju\" class=\"tab-pane fade text-justify\" role=\"tabpanel\" aria-labelledby=\"Ju-tab\">\n<p>Meu nome \u00e9 Juliana Manzini, sou formada em Moda e, h\u00e1 16 anos, joguei-me no mundo do empreendedorismo e inaugurei minha marca de acess\u00f3rios que leva o meu nome. No ano passado, uma seguidora me tocou muito, mandou-me uma mensagem direta, contando-me como usar o meu brinco a deixava feliz na fase mais dif\u00edcil de sua vida.<br \/>\nEla ficou careca por estar passando por um tratamento de c\u00e2ncer de mama. Exatamente naquele determinado momento, tudo fez sentido e descobri o real prop\u00f3sito da minha empresa, mais do que vender produtos, n\u00f3s amamos pessoas, amamos criar um v\u00ednculo verdadeiro, amamos levantar a autoestima de mulheres e amamos tirar um sorriso quando elas colocam uma pe\u00e7a de minha marca. Isso sim faz sentido para mim e foi dessa forma que surgiu a DOAmor na minha vida.<\/p>\n<\/div>\n<\/div>\n<\/div>\n<\/div>\n<div class=\"row\">\n<div class=\"col-5 pl-0\">\n<h1>Campanhas<\/h1>\n<\/div>\n<\/div>\n<div class=\"row justify-content-center\">\n<div class=\"col-10 text-justify\">\n<p>Permanentes<\/p>\n<p>+ Arrecada\u00e7\u00e3o de Fantasias;<br \/>\n+ Arrecada\u00e7\u00e3o de Tapa-olhos e Protetores Auriculares;<br \/>\n+ Arrecada\u00e7\u00e3o de Alimentos e Roupas (para Casas de Apoio);<br \/>\n+ Arrecada\u00e7\u00e3o de Brinquedos Usados (Casas de Apoio e Hospitais).<\/p>\n<p>Sazonais<\/p>\n<p>+ P\u00e1scoa: arrecada\u00e7\u00e3o de Ovos de Chocolate;<br \/>\n+ Outubro Rosa: Bijuterias e Len\u00e7os para as mulheres;<br \/>\n+ Natal: arrecada\u00e7\u00e3o de Brinquedos Novos.<\/p>\n<p>Abaixo voc\u00ea confere, com transpar\u00eancia, todas a\u00e7\u00f5es pontuais e valores de cada uma delas.<\/p>\n<\/div>\n<\/div>\n<div class=\"row justify-content-center\"><span id=\"acoes\"><\/span><\/p>\n<div class=\"col-10 text-justify mt-5\">\n<div id=\"contribuir\"><a class=\"btn-content\" href=\"#\" data-toggle=\"modal\" data-target=\"#exampleModal\"><b>Presta\u00e7\u00e3o de Contas Ano Vigente<\/b><\/a><\/div>\n<\/div>\n<\/div>\n<p><!-- Modal --><\/p>\n<div class=\"modal fade\" id=\"exampleModal\" tabindex=\"-1\" role=\"dialog\" aria-labelledby=\"exampleModalLabel\" aria-hidden=\"true\">\n<div class=\"modal-dialog\" role=\"document\">\n<div class=\"modal-content\">\n<div class=\"modal-header\">\n<h5 class=\"modal-title\" id=\"exampleModalLabel\"><b><u>Presta\u00e7\u00e3o Contas &#8211; 2020<\/u><\/b><\/p>\n<p>24.01.2020 &#8211; Pagamento Certificado Digital &#8211; R$ 560,00<\/p>\n<p>04.02.2020 &#8211; Compra cadeira de carro adaptada Paciente Natally Muniz &#8211; R$ 1.000,00<\/p>\n<p>13.02.2020 &#8211; Pagamento registro site &#8211; R$ 76,00<\/p>\n<p>19.03.2020 &#8211; Pagamento imposto PMSP &#8211; R$ 169,84<\/p>\n<p>19.03.2020 &#8211; Pagamento imposto PMSP &#8211; R$ 203,98<\/p>\n<p>30.03.2020 &#8211; Arrecada\u00e7\u00e3o de valores para aquisi\u00e7\u00e3o de tablets novos &#8211; R$ 10.956,80<\/p>\n<p>30.03.2020 &#8211; Compra de tablets Casas Bahia &#8211; R$ 1.494,00<\/p>\n<p>30.03.2020 &#8211; Compra tablets EXTRA &#8211; R$ 1.494,00<\/p>\n<p>30.03.2020 &#8211; Compra tablets EXTRA &#8211; R$ 1.245,00<\/p>\n<p>30.03.2020 &#8211; Compra de tablets CASAS BAHIA &#8211; R$ 1.245,00<\/p>\n<p>02.04.2020 &#8211; Compra tablets POSITIVO &#8211; R$ 5.478,80<\/p>\n<p>02.04.2020 &#8211; Receita vendas PS Leather &#8211; R$ 270,00<\/p>\n<p>03.04.2020 &#8211; Doa\u00e7\u00e3o COVID APFCC para compra de m\u00e1scaras e \u00e1lcool gel &#8211; R$ 1.000,00<\/p>\n<p>06.04.2020 &#8211; Doa\u00e7\u00e3o cadeira de rodas CASA BOTO ROSA Claudiana Maria Silva da Penha &#8211; R$ 1.200,00<\/p>\n<p>20.04.2020 &#8211; Compra computador escrit\u00f3rio CASA BOTO ROSA &#8211; R$ 1.709,05<\/p>\n<p>04.05.2020 &#8211; Pagamento transporte paciente CASA BOTO para taxista Gilfredo de Souza &#8211; R$ 720,00 por 12 dias<\/p>\n<p>14.05.2020 &#8211; Compra cama hospitalar paciente Natally Muniz &#8211; R$ 1.689,00 no Mercado Livre<\/p>\n<p>04.06.2020 &#8211; Receita vendas PS Leather &#8211; R$ 175,10<\/p>\n<p>19.06.2020 &#8211; pagamento vetor Logo DOAmor &#8211; R$ 150,00<\/p>\n<p>19.06.2020 &#8211; pagamento exame Cintilografia \u00d3ssea para paciente Carolina Ferreira dos Santos &#8211; R$ 540,00<\/p>\n<p>26.06.2020 &#8211; Cestas B\u00e1sicas para paciente GISSELE CARLA ALMEIDA DOS SANTOS<\/p>\n<p>11.08.2020 &#8211; Doa\u00e7\u00e3o de Fraldas Casa Boto comprada no EXTRA  &#8211; R$ 550,68<\/p>\n<p>19.08.2020 &#8211; cadeira de rodas para paciente Carolina da Casa Boto &#8211; R$ 1720,00<\/p>\n<p>22.08.2020 &#8211; 50 calcinhas Doadas para as m\u00e3es dos pacientes do Instituto da Crian\u00e7a &#8211; ICr &#8211; R$ 215,95<\/p>\n<p>08.09.2020 &#8211; Carrinho el\u00e9trico para as crian\u00e7as irem at\u00e9 a sess\u00e3o de Radioterapia do HC &#8211; R$ 1699,00<\/p>\n<p>08.09.2020 &#8211; 60 chinelos para as m\u00e3es dos pacientes do ICr &#8211; R$ 300,00<\/h5>\n<p><button type=\"button\" class=\"close\" data-dismiss=\"modal\" aria-label=\"Close\"><br \/>\n<span aria-hidden=\"true\">\u00d7<\/span><br \/>\n<\/button><\/p>\n<\/div>\n<\/div>\n<\/div>\n<\/div>\n<p><!-- Modal --><\/p>\n<div class=\"row\">\n<div class=\"col-5 pl-0\">\n<h1>A\u00e7\u00f5es<\/h1>\n<\/div>\n<\/div>\n<div class=\"row justify-content-center\">\n<div class=\"col-10 text-justify\">\n<p>Em 2018, no nosso primeiro ano de mobiliza\u00e7\u00e3o, chegamos a estes n\u00fameros:<\/p>\n<p>&#8211; mais de 700 Fantasias arrecadadas;<br \/>\n&#8211; mais de 1.000 Bijuterias arrecadadas no Outubro Rosa;<br \/>\n&#8211; 492 Brinquedos Novos para o Natal.<\/p>\n<p>Em 2019, nossas campanhas ja arrecadaram:<\/p>\n<p>&#8211; 150 Len\u00e7os arrecadados para o Dia das Mulheres;<br \/>\n&#8211; 240 Ovos e 300 caixas de Bombons para a P\u00e1scoa;<br \/>\n&#8211; doa\u00e7\u00e3o de 200 Bijuterias para o Dia das M\u00e3es;<br \/>\n&#8211; doa\u00e7\u00e3o de 1.332 Fraldas para a Casa de Apoio Boto Rosa;<br \/>\n&#8211; 403 Tapa-olhos doados para a APFCC;<br \/>\n&#8211; 50 Latas de leite arrecadadas no anivers\u00e1rio solid\u00e1rio para a LALEC;<br \/>\n&#8211; mais de 1.500 Bijuterias arrecadadas no Outubro Rosa;<br \/>\n&#8211; 100 Fantasias doadas ao Camarim DOAmor no Hospital AC Camargo.<\/p>\n<p>Mas, como dizem que uma imagem vale mais que mil palavras, ent\u00e3o d\u00ea uma olhadinha no nosso \u00e1lbum de fotos, e veja muitos sorrisos, que valem mais que mil obrigados! <span style=\"color: #c31f2f !important;\">Clique na imagem abaixo.<\/span><\/p>\n<\/div>\n<\/div>\n<div class=\"row\">\n<div class=\"col mt-4\"><span id=\"hall\"><\/span><\/p>\n<div class=\"strip alb\"><a href=\"https:\/\/doamor.org.br\/index.php\/acoes\/\">Clique Aqui<\/a><\/div>\n<\/div>\n<\/div>\n<div class=\"row\">\n<div class=\"col-5 pl-0\">\n<h1>Hall DOAmor<\/h1>\n<\/div>\n<\/div>\n<div class=\"row justify-content-center\">\n<div class=\" col-md-4 col-sm-12 text-center\">\n<div><a href=\"https:\/\/doamor.org.br\/index.php\/hall\"><img decoding=\"async\" src=\"https:\/\/doamor.org.br\/wp-content\/themes\/doAmorTheme\/images\/portrait-2.jpg\" alt=\" \u00c1lbum de Imagens de A\u00e7\u00f5es DOAmor\"><\/a><\/div>\n<\/div>\n<div class=\"col-md-6 col-sm-12 text-justify halldo\">\n<p>Aqui, a cada m\u00eas, voc\u00ea encontrar\u00e1 a foto de algu\u00e9m que fez e faz muita diferen\u00e7a na vida da DOAmor. Uma forma de expressar a Gratid\u00e3o \u00e0queles que, de alguma forma, contribuem para a DOAmor existir e continuar a alegrar pessoas. Entre e conhe\u00e7a a hist\u00f3ria de pessoas que s\u00e3o como Anjos para a DOAmor.<\/p>\n<div id=\"parte\"><a class=\"btn-content\" href=\"https:\/\/doamor.org.br\/index.php\/hall\">Veja quem j\u00e1 faz parte!<\/a><\/div>\n<\/div>\n<\/div>\n<div id=\"mim\" class=\"row\">\n<div class=\"col-5 pl-0\">\n<h1>DOAmor Pra Mim<\/h1>\n<\/div>\n<\/div>\n<div class=\"row justify-content-center\">\n<div class=\"col-10 text-justify\">\n<p>Depoimentos de quem mais importa, as pessoas que receberam de alguma forma o carinho, aten\u00e7\u00e3o e amor. Aqui voc\u00ea encontra a raz\u00e3o da DOAmor existir. Veja o porqu\u00ea de sua ajuda ser t\u00e3o importante. Um espa\u00e7o dedicado a quem quer exercer a Gratid\u00e3o!<\/p>\n<\/div>\n<\/div>\n<div class=\"row justify-content-center mt-4\">\n<div class=\"col-10 text-justify\">\n<div id=\"carouselSite\" class=\"carousel slide\" data-ride=\"carousel\">\n<ol class=\"carousel-indicators\">\n<li class=\"active\" data-target=\"#carouselSite\" data-slide-to=\"0\"><\/li>\n<li data-target=\"#carouselSite\" data-slide-to=\"1\"><\/li>\n<li data-target=\"#carouselSite\" data-slide-to=\"2\"><\/li>\n<li data-target=\"#carouselSite\" data-slide-to=\"3\"><\/li>\n<\/ol>\n<div class=\"carousel-inner\">\n<div class=\"carousel-item active\"><img decoding=\"async\" class=\"img-fluid d-block\" src=\"https:\/\/doamor.org.br\/wp-content\/themes\/doAmorTheme\/images\/bgdep.png\"><\/p>\n<div class=\"carousel-caption\">\n<p>&#8220;H\u00e1 25 anos, a APFCC atua em prol de pacientes oncol\u00f3gicos. Essa dedica\u00e7\u00e3o apenas se completa quando m\u00e3os generosas, nos doam o suporte material imprescind\u00edvel para o \u00eaxito de nossa miss\u00e3o. Tenha certeza de que sua doa\u00e7\u00e3o ser\u00e1 de grande valia na esperan\u00e7a de pacientes e familiares.&#8221;<br \/>\nLiana Maria S. Petrella &#8211;<br \/>\nPresidente APFCC<\/p>\n<\/div>\n<\/div>\n<div class=\"carousel-item\"><img decoding=\"async\" class=\"img-fluid d-block\" src=\"https:\/\/doamor.org.br\/wp-content\/themes\/doAmorTheme\/images\/bgdep.png\"><\/p>\n<div class=\"carousel-caption\">\n<p>&#8220;Meninas,<br \/>\nS\u00f3 ouvi falar bem do evento da manh\u00e3 de hoje! Que coisa mais linda&#8230; Gratid\u00e3o por terem vindo! Eu sei o quanto faz diferen\u00e7a um carinho como esse.Por aqui passam muitas pessoas que ajudam, mas a energia de voc\u00eas \u00e9 especial. Obrigada.&#8221;<br \/>\nThatiana Prado<br \/>\nFunda\u00e7\u00e3o Crian\u00e7a &#8211; Hospital ITACI<\/p>\n<\/div>\n<\/div>\n<div class=\"carousel-item\"><img decoding=\"async\" class=\"img-fluid d-block\" src=\"https:\/\/doamor.org.br\/wp-content\/themes\/doAmorTheme\/images\/bgdep.png\"><\/p>\n<div class=\"carousel-caption\">\n<p>&#8220;Hoje eu quase morri de tanto chorar&#8230; Tudo estava lindo e a Naty amou tudo. Voc\u00eas s\u00e3o anjos em nossas vidas realizando sonhos. N\u00e3o tenho como agradecer o momento que vivemo hoje!<br \/>\nDeus Aben\u00e7oe.&#8221;<br \/>\nCristiane<br \/>\nM\u00e3e da paciente Nataly<\/p>\n<\/div>\n<\/div>\n<div class=\"carousel-item\"><img decoding=\"async\" class=\"img-fluid d-block\" src=\"https:\/\/doamor.org.br\/wp-content\/themes\/doAmorTheme\/images\/bgdep.png\"><\/p>\n<div class=\"carousel-caption\">\n<p>&#8220;Durante o tratamento, Deus me apresentou pessoas muito especiais.<br \/>\nPessoas que com a DOAmor, levam muita alegria e amor para quem est\u00e1 em tratamento do c\u00e2ncer. Pude sentir isto nessa Campanha do Outubro Rosa.&#8221;<br \/>\nFabiana Gumercinda<br \/>\nPaciente durante tratamento<\/p>\n<\/div>\n<\/div>\n<\/div>\n<p><a class=\"carousel-control-prev\" role=\"#button\" href=\"#carouselSite\" data-slide=\"prev\"><span class=\"sr-only\">Anterior<\/span><br \/>\n<\/a><\/p>\n<p><a class=\"carousel-control-next\" role=\"#button\" href=\"#carouselSite\" data-slide=\"next\"><span class=\"sr-only\">Avan\u00e7ar<\/span><br \/>\n<\/a><\/p>\n<\/div>\n<\/div>\n<\/div>\n","protected":false},"excerpt":{"rendered":"<p>AMOR GRATID\u00c3O A\u00c7\u00c3O \u201cEnquanto voc\u00ea pode aliviar a dor de algu\u00e9m, a vida n\u00e3o \u00e9 em v\u00e3o\u201d Helen Keller. Miss\u00e3o Trazer conforto e momentos de alegria para pacientes com c\u00e2ncer e seus familiares no momento mais dif\u00edcil e delicado de suas vidas, quando est\u00e3o enfrentando a fase de interna\u00e7\u00e3o hospitalar. Preciso de Ajuda! Quero ser [&hellip;]<\/p>\n","protected":false},"author":1,"featured_media":0,"parent":0,"menu_order":0,"comment_status":"closed","ping_status":"open","template":"","meta":{"footnotes":""},"class_list":["post-2","page","type-page","status-publish","hentry"],"_links":{"self":[{"href":"https:\/\/doamor.org.br\/index.php\/wp-json\/wp\/v2\/pages\/2","targetHints":{"allow":["GET"]}}],"collection":[{"href":"https:\/\/doamor.org.br\/index.php\/wp-json\/wp\/v2\/pages"}],"about":[{"href":"https:\/\/doamor.org.br\/index.php\/wp-json\/wp\/v2\/types\/page"}],"author":[{"embeddable":true,"href":"https:\/\/doamor.org.br\/index.php\/wp-json\/wp\/v2\/users\/1"}],"replies":[{"embeddable":true,"href":"https:\/\/doamor.org.br\/index.php\/wp-json\/wp\/v2\/comments?post=2"}],"version-history":[{"count":51,"href":"https:\/\/doamor.org.br\/index.php\/wp-json\/wp\/v2\/pages\/2\/revisions"}],"predecessor-version":[{"id":253,"href":"https:\/\/doamor.org.br\/index.php\/wp-json\/wp\/v2\/pages\/2\/revisions\/253"}],"wp:attachment":[{"href":"https:\/\/doamor.org.br\/index.php\/wp-json\/wp\/v2\/media?parent=2"}],"curies":[{"name":"wp","href":"https:\/\/api.w.org\/{rel}","templated":true}]}}