






{"id":191,"date":"2020-05-15T21:50:13","date_gmt":"2020-05-16T00:50:13","guid":{"rendered":"http:\/\/doamor.org.br\/?page_id=191"},"modified":"2020-05-20T17:24:30","modified_gmt":"2020-05-20T20:24:30","slug":"voluntario","status":"publish","type":"page","link":"https:\/\/doamor.org.br\/index.php\/voluntario\/","title":{"rendered":"Voluntario"},"content":{"rendered":"<div class=\"row\">\n<div class=\"col-5 pl-0\">\n<h1>Volunt\u00e1rio DOAmor<\/h1>\n<\/div>\n<\/div>\n<div class=\"row justify-content-center mt-5 ml-2 \">\n<div class=\"col-10 text-justify\">\nVoc\u00ea que sempre pensou colocar em A\u00e7\u00e3o e externar sua Gratid\u00e3o e Amor ao pr\u00f3ximo, a DOAmor pode ajudar voc\u00ea. Quer seja, atrav\u00e9s de sua profiss\u00e3o ou n\u00e3o, seja voc\u00ea da \u00e1rea de sa\u00fade, ou de outra \u00e1rea.<p><\/p>\n<p>O que verdadeiramente importa \u00e9 a vontade em Ajudar ao Pr\u00f3ximo.<\/p>\n<p>Fa\u00e7a parte dessa nossa Rede do Bem e cadastre-se conosco, seja um Volunt\u00e1rio DOAmor.<\/p>\n<p><\/p>\n<p>[contact-form-7 id=&#8221;197&#8243; title=&#8221;voluntario&#8221;]\n<\/p>\n<\/div>\n<\/div>\n\n\n<p><\/p>\n","protected":false},"excerpt":{"rendered":"<p>Volunt\u00e1rio DOAmor Voc\u00ea que sempre pensou colocar em A\u00e7\u00e3o e externar sua Gratid\u00e3o e Amor ao pr\u00f3ximo, a DOAmor pode ajudar voc\u00ea. Quer seja, atrav\u00e9s de sua profiss\u00e3o ou n\u00e3o, seja voc\u00ea da \u00e1rea de sa\u00fade, ou de outra \u00e1rea. O que verdadeiramente importa \u00e9 a vontade em Ajudar ao Pr\u00f3ximo. Fa\u00e7a parte dessa nossa [&hellip;]<\/p>\n","protected":false},"author":1,"featured_media":0,"parent":0,"menu_order":0,"comment_status":"closed","ping_status":"closed","template":"","meta":{"footnotes":""},"class_list":["post-191","page","type-page","status-publish","hentry"],"_links":{"self":[{"href":"https:\/\/doamor.org.br\/index.php\/wp-json\/wp\/v2\/pages\/191","targetHints":{"allow":["GET"]}}],"collection":[{"href":"https:\/\/doamor.org.br\/index.php\/wp-json\/wp\/v2\/pages"}],"about":[{"href":"https:\/\/doamor.org.br\/index.php\/wp-json\/wp\/v2\/types\/page"}],"author":[{"embeddable":true,"href":"https:\/\/doamor.org.br\/index.php\/wp-json\/wp\/v2\/users\/1"}],"replies":[{"embeddable":true,"href":"https:\/\/doamor.org.br\/index.php\/wp-json\/wp\/v2\/comments?post=191"}],"version-history":[{"count":9,"href":"https:\/\/doamor.org.br\/index.php\/wp-json\/wp\/v2\/pages\/191\/revisions"}],"predecessor-version":[{"id":218,"href":"https:\/\/doamor.org.br\/index.php\/wp-json\/wp\/v2\/pages\/191\/revisions\/218"}],"wp:attachment":[{"href":"https:\/\/doamor.org.br\/index.php\/wp-json\/wp\/v2\/media?parent=191"}],"curies":[{"name":"wp","href":"https:\/\/api.w.org\/{rel}","templated":true}]}}